{"id":6,"date":"2021-03-13T11:30:47","date_gmt":"2021-03-13T11:30:47","guid":{"rendered":"http:\/\/www.arsuaritma18.com\/?page_id=6"},"modified":"2021-03-13T13:19:05","modified_gmt":"2021-03-13T13:19:05","slug":"ana-sayfa","status":"publish","type":"page","link":"http:\/\/www.arsuaritma18.com\/","title":{"rendered":"Ana sayfa"},"content":{"rendered":"\n<div class=\"wp-block-cover alignfull\" style=\"min-height:700px\"><img loading=\"lazy\" width=\"2560\" height=\"1956\" class=\"wp-block-cover__image-background wp-image-58\" alt=\"\" src=\"http:\/\/www.arsuaritma18.com\/wp-content\/uploads\/2021\/03\/jamie-street-qpN5MLx1uwk-unsplash-scaled.jpg\" style=\"object-position:50% 64%\" data-object-fit=\"cover\" data-object-position=\"50% 64%\" srcset=\"http:\/\/www.arsuaritma18.com\/wp-content\/uploads\/2021\/03\/jamie-street-qpN5MLx1uwk-unsplash-scaled.jpg 2560w, http:\/\/www.arsuaritma18.com\/wp-content\/uploads\/2021\/03\/jamie-street-qpN5MLx1uwk-unsplash-300x229.jpg 300w, http:\/\/www.arsuaritma18.com\/wp-content\/uploads\/2021\/03\/jamie-street-qpN5MLx1uwk-unsplash-1024x782.jpg 1024w, http:\/\/www.arsuaritma18.com\/wp-content\/uploads\/2021\/03\/jamie-street-qpN5MLx1uwk-unsplash-768x587.jpg 768w, http:\/\/www.arsuaritma18.com\/wp-content\/uploads\/2021\/03\/jamie-street-qpN5MLx1uwk-unsplash-1536x1174.jpg 1536w, http:\/\/www.arsuaritma18.com\/wp-content\/uploads\/2021\/03\/jamie-street-qpN5MLx1uwk-unsplash-2048x1565.jpg 2048w\" sizes=\"(max-width: 2560px) 100vw, 2560px\" \/><div class=\"wp-block-cover__inner-container\">\n<div style=\"height:80px\" aria-hidden=\"true\" class=\"wp-block-spacer\"><\/div>\n\n\n\n<div class=\"wp-block-group\"><div class=\"wp-block-group__inner-container\">\n<div class=\"wp-block-image\"><figure class=\"aligncenter size-large is-resized\"><img loading=\"lazy\" src=\"http:\/\/www.arsuaritma18.com\/wp-content\/uploads\/2021\/03\/WhatsApp-Image-2021-03-13-at-15.12.08-3-1024x621.jpeg\" alt=\"\" class=\"wp-image-73\" width=\"527\" height=\"320\" srcset=\"http:\/\/www.arsuaritma18.com\/wp-content\/uploads\/2021\/03\/WhatsApp-Image-2021-03-13-at-15.12.08-3-1024x621.jpeg 1024w, http:\/\/www.arsuaritma18.com\/wp-content\/uploads\/2021\/03\/WhatsApp-Image-2021-03-13-at-15.12.08-3-300x182.jpeg 300w, http:\/\/www.arsuaritma18.com\/wp-content\/uploads\/2021\/03\/WhatsApp-Image-2021-03-13-at-15.12.08-3-768x466.jpeg 768w, http:\/\/www.arsuaritma18.com\/wp-content\/uploads\/2021\/03\/WhatsApp-Image-2021-03-13-at-15.12.08-3.jpeg 1045w\" sizes=\"(max-width: 527px) 100vw, 527px\" \/><\/figure><\/div>\n<\/div><\/div>\n\n\n\n<div class=\"wp-block-group\"><div class=\"wp-block-group__inner-container\">\n<h1 class=\"has-text-align-center has-text-color\" style=\"color:#121212\"><img loading=\"lazy\" width=\"633\" height=\"253\" class=\"wp-image-61\" style=\"width: 150px;\" src=\"http:\/\/www.arsuaritma18.com\/wp-content\/uploads\/2021\/03\/cropped-19161c44-0150-4644-a764-55ced8e115f4.jpg\" alt=\"\" srcset=\"http:\/\/www.arsuaritma18.com\/wp-content\/uploads\/2021\/03\/cropped-19161c44-0150-4644-a764-55ced8e115f4.jpg 633w, http:\/\/www.arsuaritma18.com\/wp-content\/uploads\/2021\/03\/cropped-19161c44-0150-4644-a764-55ced8e115f4-300x120.jpg 300w\" sizes=\"(max-width: 633px) 100vw, 633px\" \/> Ar\u0131tma Sistemleri<\/h1>\n\n\n\n<p class=\"has-text-align-center has-text-color\" style=\"color:#121212;font-size:17px\"><strong>Suyunuzun temizli\u011fi sizin elinizde.<br>Uzman ekibimizle, Ankara, \u00c7ank\u0131r\u0131, K\u0131r\u0131kkale, Kastamonu illerinde stoktan, h\u0131zl\u0131 kurulum hizmeti veriyoruz.<\/strong><\/p>\n<\/div><\/div>\n\n\n\n<div class=\"wp-block-buttons is-content-justification-center\">\n<div class=\"wp-block-button is-style-primary\"><a class=\"wp-block-button__link\" href=\"\/index.php\/iletisim\/\">\u0130LET\u0130\u015e\u0130M<\/a><\/div>\n<\/div>\n\n\n\n<p><\/p>\n\n\n\n<div style=\"height:80px\" aria-hidden=\"true\" class=\"wp-block-spacer\"><\/div>\n\n\n\n<div style=\"height:80px\" aria-hidden=\"true\" class=\"wp-block-spacer\"><\/div>\n<\/div><\/div>\n\n\n\n<div style=\"height:80px\" aria-hidden=\"true\" class=\"wp-block-spacer\"><\/div>\n\n\n\n<div class=\"wp-block-columns\">\n<div class=\"wp-block-column\">\n<div class=\"wp-block-image icon-style is-style-default\"><figure class=\"aligncenter is-resized\"><img loading=\"lazy\" src=\"http:\/\/www.arsuaritma18.com\/wp-content\/themes\/neve\/assets\/img\/starter-content\/icon-03.svg\" alt=\"\" width=\"48\" height=\"48\"\/><\/figure><\/div>\n\n\n\n<h3 class=\"has-text-align-center has-neve-text-color-color has-text-color\">Yeni Cihaz Kurulumu<\/h3>\n\n\n\n<p class=\"has-text-align-center\">Firmam\u0131z Esli Evsel su ar\u0131tma sistemlerinin t\u00fcm \u00fcr\u00fcn gruplar\u0131n\u0131n sat\u0131\u015f\u0131n\u0131 ve servis hizmetini vermeye yetkilidir.<\/p>\n\n\n\n<div style=\"height:20px\" aria-hidden=\"true\" class=\"wp-block-spacer\"><\/div>\n<\/div>\n\n\n\n<div class=\"wp-block-column\">\n<div class=\"wp-block-image icon-style is-style-default\"><figure class=\"aligncenter is-resized\"><img loading=\"lazy\" src=\"http:\/\/www.arsuaritma18.com\/wp-content\/themes\/neve\/assets\/img\/starter-content\/icon-02.svg\" alt=\"\" width=\"48\" height=\"48\"\/><\/figure><\/div>\n\n\n\n<h3 class=\"has-text-align-center has-neve-text-color-color has-text-color\">Her Marka Su Ar\u0131tma Cihaz\u0131n\u0131z\u0131n Filtre De\u011fi\u015fimi<\/h3>\n\n\n\n<p class=\"has-text-align-center\">Herhangi bir markadan sat\u0131n alm\u0131\u015f oldu\u011funuz su ar\u0131tma cihaz\u0131n\u0131n bak\u0131m ve filtre de\u011fi\u015fim, yedek par\u00e7a temin i\u015flemlerini yapmaktay\u0131z.<\/p>\n\n\n\n<div style=\"height:20px\" aria-hidden=\"true\" class=\"wp-block-spacer\"><\/div>\n<\/div>\n\n\n\n<div class=\"wp-block-column\">\n<div class=\"wp-block-image icon-style is-style-rounded\"><figure class=\"aligncenter is-resized\"><img loading=\"lazy\" src=\"http:\/\/www.arsuaritma18.com\/wp-content\/themes\/neve\/assets\/img\/starter-content\/icon-01.svg\" alt=\"\" width=\"48\" height=\"48\"\/><\/figure><\/div>\n\n\n\n<h3 class=\"has-text-align-center has-neve-text-color-color has-text-color\">Filtre ve Cihaz Sat\u0131\u015f\u0131<\/h3>\n\n\n\n<p class=\"has-text-align-center\">Firmam\u0131z Ravent marka su ar\u0131tma sistemlerinin cihaz ve filtrelerinin sat\u0131\u015f\u0131n\u0131 yapmaktad\u0131r.<\/p>\n\n\n\n<div style=\"height:20px\" aria-hidden=\"true\" class=\"wp-block-spacer\"><\/div>\n<\/div>\n<\/div>\n\n\n\n<div class=\"wp-block-columns\">\n<div class=\"wp-block-column\">\n<figure class=\"wp-block-image size-large\"><img loading=\"lazy\" width=\"1024\" height=\"1024\" src=\"http:\/\/www.arsuaritma18.com\/wp-content\/uploads\/2021\/03\/WhatsApp-Image-2021-03-13-at-15.12.07-1-1-1024x1024.jpeg\" alt=\"\" class=\"wp-image-53\" srcset=\"http:\/\/www.arsuaritma18.com\/wp-content\/uploads\/2021\/03\/WhatsApp-Image-2021-03-13-at-15.12.07-1-1-1024x1024.jpeg 1024w, http:\/\/www.arsuaritma18.com\/wp-content\/uploads\/2021\/03\/WhatsApp-Image-2021-03-13-at-15.12.07-1-1-300x300.jpeg 300w, http:\/\/www.arsuaritma18.com\/wp-content\/uploads\/2021\/03\/WhatsApp-Image-2021-03-13-at-15.12.07-1-1-150x150.jpeg 150w, http:\/\/www.arsuaritma18.com\/wp-content\/uploads\/2021\/03\/WhatsApp-Image-2021-03-13-at-15.12.07-1-1-768x768.jpeg 768w, http:\/\/www.arsuaritma18.com\/wp-content\/uploads\/2021\/03\/WhatsApp-Image-2021-03-13-at-15.12.07-1-1.jpeg 1080w\" sizes=\"(max-width: 1024px) 100vw, 1024px\" \/><\/figure>\n<\/div>\n\n\n\n<div class=\"wp-block-column\">\n<figure class=\"wp-block-image size-large\"><img loading=\"lazy\" width=\"724\" height=\"1024\" src=\"http:\/\/www.arsuaritma18.com\/wp-content\/uploads\/2021\/03\/WhatsApp-Image-2021-03-13-at-15.12.07-724x1024.jpeg\" alt=\"\" class=\"wp-image-40\" srcset=\"http:\/\/www.arsuaritma18.com\/wp-content\/uploads\/2021\/03\/WhatsApp-Image-2021-03-13-at-15.12.07-724x1024.jpeg 724w, http:\/\/www.arsuaritma18.com\/wp-content\/uploads\/2021\/03\/WhatsApp-Image-2021-03-13-at-15.12.07-212x300.jpeg 212w, http:\/\/www.arsuaritma18.com\/wp-content\/uploads\/2021\/03\/WhatsApp-Image-2021-03-13-at-15.12.07-768x1086.jpeg 768w, http:\/\/www.arsuaritma18.com\/wp-content\/uploads\/2021\/03\/WhatsApp-Image-2021-03-13-at-15.12.07-1086x1536.jpeg 1086w, http:\/\/www.arsuaritma18.com\/wp-content\/uploads\/2021\/03\/WhatsApp-Image-2021-03-13-at-15.12.07.jpeg 1131w\" sizes=\"(max-width: 724px) 100vw, 724px\" \/><\/figure>\n<\/div>\n\n\n\n<div class=\"wp-block-column\">\n<figure class=\"wp-block-image size-large\"><img loading=\"lazy\" width=\"1024\" height=\"1024\" src=\"http:\/\/www.arsuaritma18.com\/wp-content\/uploads\/2021\/03\/WhatsApp-Image-2021-03-13-at-15.12.07-2-1024x1024.jpeg\" alt=\"\" class=\"wp-image-38\" srcset=\"http:\/\/www.arsuaritma18.com\/wp-content\/uploads\/2021\/03\/WhatsApp-Image-2021-03-13-at-15.12.07-2-1024x1024.jpeg 1024w, http:\/\/www.arsuaritma18.com\/wp-content\/uploads\/2021\/03\/WhatsApp-Image-2021-03-13-at-15.12.07-2-300x300.jpeg 300w, http:\/\/www.arsuaritma18.com\/wp-content\/uploads\/2021\/03\/WhatsApp-Image-2021-03-13-at-15.12.07-2-150x150.jpeg 150w, http:\/\/www.arsuaritma18.com\/wp-content\/uploads\/2021\/03\/WhatsApp-Image-2021-03-13-at-15.12.07-2-768x768.jpeg 768w, http:\/\/www.arsuaritma18.com\/wp-content\/uploads\/2021\/03\/WhatsApp-Image-2021-03-13-at-15.12.07-2.jpeg 1080w\" sizes=\"(max-width: 1024px) 100vw, 1024px\" \/><\/figure>\n<\/div>\n<\/div>\n\n\n\n<div class=\"wp-block-columns\">\n<div class=\"wp-block-column\">\n<figure class=\"wp-block-image size-large\"><img loading=\"lazy\" width=\"819\" height=\"1024\" src=\"http:\/\/www.arsuaritma18.com\/wp-content\/uploads\/2021\/03\/WhatsApp-Image-2021-03-13-at-15.12.07-3-819x1024.jpeg\" alt=\"\" class=\"wp-image-37\" srcset=\"http:\/\/www.arsuaritma18.com\/wp-content\/uploads\/2021\/03\/WhatsApp-Image-2021-03-13-at-15.12.07-3-819x1024.jpeg 819w, http:\/\/www.arsuaritma18.com\/wp-content\/uploads\/2021\/03\/WhatsApp-Image-2021-03-13-at-15.12.07-3-240x300.jpeg 240w, http:\/\/www.arsuaritma18.com\/wp-content\/uploads\/2021\/03\/WhatsApp-Image-2021-03-13-at-15.12.07-3-768x960.jpeg 768w, http:\/\/www.arsuaritma18.com\/wp-content\/uploads\/2021\/03\/WhatsApp-Image-2021-03-13-at-15.12.07-3.jpeg 1080w\" sizes=\"(max-width: 819px) 100vw, 819px\" \/><\/figure>\n<\/div>\n\n\n\n<div class=\"wp-block-column\">\n<figure class=\"wp-block-image size-large\"><img loading=\"lazy\" width=\"832\" height=\"983\" src=\"http:\/\/www.arsuaritma18.com\/wp-content\/uploads\/2021\/03\/WhatsApp-Image-2021-03-13-at-15.12.08.jpeg\" alt=\"\" class=\"wp-image-36\" srcset=\"http:\/\/www.arsuaritma18.com\/wp-content\/uploads\/2021\/03\/WhatsApp-Image-2021-03-13-at-15.12.08.jpeg 832w, http:\/\/www.arsuaritma18.com\/wp-content\/uploads\/2021\/03\/WhatsApp-Image-2021-03-13-at-15.12.08-254x300.jpeg 254w, http:\/\/www.arsuaritma18.com\/wp-content\/uploads\/2021\/03\/WhatsApp-Image-2021-03-13-at-15.12.08-768x907.jpeg 768w\" sizes=\"(max-width: 832px) 100vw, 832px\" \/><\/figure>\n<\/div>\n\n\n\n<div class=\"wp-block-column\">\n<figure class=\"wp-block-image size-large\"><img loading=\"lazy\" width=\"632\" height=\"1024\" src=\"http:\/\/www.arsuaritma18.com\/wp-content\/uploads\/2021\/03\/WhatsApp-Image-2021-03-13-at-15.12.08-1-632x1024.jpeg\" alt=\"\" class=\"wp-image-35\" srcset=\"http:\/\/www.arsuaritma18.com\/wp-content\/uploads\/2021\/03\/WhatsApp-Image-2021-03-13-at-15.12.08-1-632x1024.jpeg 632w, http:\/\/www.arsuaritma18.com\/wp-content\/uploads\/2021\/03\/WhatsApp-Image-2021-03-13-at-15.12.08-1-185x300.jpeg 185w, http:\/\/www.arsuaritma18.com\/wp-content\/uploads\/2021\/03\/WhatsApp-Image-2021-03-13-at-15.12.08-1-768x1244.jpeg 768w, http:\/\/www.arsuaritma18.com\/wp-content\/uploads\/2021\/03\/WhatsApp-Image-2021-03-13-at-15.12.08-1.jpeg 876w\" sizes=\"(max-width: 632px) 100vw, 632px\" \/><\/figure>\n<\/div>\n<\/div>\n","protected":false},"excerpt":{"rendered":"<p>Yeni Cihaz Kurulumu Firmam\u0131z Esli Evsel su ar\u0131tma sistemlerinin t\u00fcm \u00fcr\u00fcn gruplar\u0131n\u0131n sat\u0131\u015f\u0131n\u0131 ve servis hizmetini vermeye yetkilidir. Her Marka Su Ar\u0131tma Cihaz\u0131n\u0131z\u0131n Filtre De\u011fi\u015fimi Herhangi bir markadan sat\u0131n alm\u0131\u015f oldu\u011funuz su ar\u0131tma cihaz\u0131n\u0131n bak\u0131m ve filtre de\u011fi\u015fim, yedek par\u00e7a temin i\u015flemlerini yapmaktay\u0131z. Filtre ve Cihaz Sat\u0131\u015f\u0131 Firmam\u0131z Ravent marka su ar\u0131tma sistemlerinin cihaz ve&hellip;&nbsp;<a href=\"http:\/\/www.arsuaritma18.com\/\" class=\"\" rel=\"bookmark\">Daha fazlas\u0131n\u0131 oku &raquo;<span class=\"screen-reader-text\">Ana sayfa<\/span><\/a><\/p>\n","protected":false},"author":1,"featured_media":0,"parent":0,"menu_order":0,"comment_status":"closed","ping_status":"closed","template":"","meta":{"neve_meta_sidebar":"","neve_meta_container":"","neve_meta_enable_content_width":"on","neve_meta_content_width":100,"neve_meta_title_alignment":"","neve_meta_author_avatar":"","neve_post_elements_order":"","neve_meta_disable_header":"","neve_meta_disable_footer":"","neve_meta_disable_title":"on"},"_links":{"self":[{"href":"http:\/\/www.arsuaritma18.com\/index.php\/wp-json\/wp\/v2\/pages\/6"}],"collection":[{"href":"http:\/\/www.arsuaritma18.com\/index.php\/wp-json\/wp\/v2\/pages"}],"about":[{"href":"http:\/\/www.arsuaritma18.com\/index.php\/wp-json\/wp\/v2\/types\/page"}],"author":[{"embeddable":true,"href":"http:\/\/www.arsuaritma18.com\/index.php\/wp-json\/wp\/v2\/users\/1"}],"replies":[{"embeddable":true,"href":"http:\/\/www.arsuaritma18.com\/index.php\/wp-json\/wp\/v2\/comments?post=6"}],"version-history":[{"count":17,"href":"http:\/\/www.arsuaritma18.com\/index.php\/wp-json\/wp\/v2\/pages\/6\/revisions"}],"predecessor-version":[{"id":76,"href":"http:\/\/www.arsuaritma18.com\/index.php\/wp-json\/wp\/v2\/pages\/6\/revisions\/76"}],"wp:attachment":[{"href":"http:\/\/www.arsuaritma18.com\/index.php\/wp-json\/wp\/v2\/media?parent=6"}],"curies":[{"name":"wp","href":"https:\/\/api.w.org\/{rel}","templated":true}]}}